{"id":177,"date":"2013-08-09T19:38:57","date_gmt":"2013-08-09T19:38:57","guid":{"rendered":"http:\/\/architekt.volkerpietsch.de\/?page_id=177"},"modified":"2014-11-08T19:35:06","modified_gmt":"2014-11-08T19:35:06","slug":"impressum","status":"publish","type":"page","link":"http:\/\/architekt.volkerpietsch.de\/?page_id=177","title":{"rendered":"Impressum\/Kontakt"},"content":{"rendered":"<div>\n<div><strong>Volker Pietsch, Dipl. Ing. Architekt<\/strong><\/div>\n<div><\/div>\n<div>Uhlandstrasse 6<br \/>\n38102 Braunschweig<\/div>\n<div><\/div>\n<p>&nbsp;<\/p>\n<div>Tel.: 0531 &#8211; 23 97 516<br \/>\neMail: architekt[at]volkerpietsch.de<\/div>\n<div><\/div>\n<p>&nbsp;<\/p>\n<div>Die Berechtigung zur F\u00fchrung der Berufsbezeichnung Architekt ergibt sich aus dem Eintrag in die Architektenliste der Architektenkammer Niedersachsen (Bundesrepublik Deutschland) unter der Nummer EL- Nr. 17075.<\/div>\n<div><!--more--><\/div>\n<p>&nbsp;<\/p>\n<h6>Haftung f\u00fcr Inhalte<\/h6>\n<p>Ich bem\u00fche mich die Inhalte der Seite aktuell zu halten. Trotz sorgf\u00e4ltiger Bearbeitung bleibt eine Haftung ausgeschlossen. Als Diensteanbieter bin ich gem\u00e4\u00df \u00a7 7 Abs.1 TMG f\u00fcr eigene Inhalte auf diesen Seiten nach den allgemeinen Gesetzen verantwortlich. Nach \u00a7\u00a7 8 bis 10 TMG bin ich als Diensteanbieter jedoch nicht verpflichtet, \u00fcbermittelte oder gespeicherte fremde Informationen zu \u00fcberwachen. Bei bekannt werden von Rechtsverletzungen, werde ich diese Inhalte umgehend entfernen. Eine diesbez\u00fcgliche Haftung \u00fcbernehmen ich erst ab dem Zeitpunkt der Kenntnis einer m\u00f6glichen Rechtsverletzung.<\/p>\n<h6>Haftung f\u00fcr Links<\/h6>\n<p>Mein Angebot enth\u00e4lt Links zu externen Webseiten Dritter, auf deren Inhalte ich keinen Einfluss habe. F\u00fcr die Inhalte der verlinkten Seiten ist stets der jeweilige Anbieter oder Betreiber der Seiten verantwortlich. F\u00fcr die Inhalte und die Richtigkeit der Informationen verlinkter Websites fremder Informationsanbieter wird keine Gew\u00e4hr \u00fcbernommen. Die verlinkten Seiten wurden zum Zeitpunkt der Verlinkung auf m\u00f6gliche Rechtsverst\u00f6\u00dfe ohne Beanstandung \u00fcberpr\u00fcft. Bei bekannt werden von Rechtsverletzungen werde ich derartige Links umgehend entfernen.<\/p>\n<h6>Urheberrecht<\/h6>\n<p>Die durch die Seitenbetreiber erstellten Inhalte und Werke auf diesen Seiten unterliegen dem deutschen Urheberrecht. Die Vervielf\u00e4ltigung, Bearbeitung, Verbreitung und jede Art der Verwertung au\u00dferhalb der Grenzen des Urheberrechtes bed\u00fcrfen der schriftlichen Zustimmung des jeweiligen Autors bzw. Erstellers.<\/p>\n<\/div>\n","protected":false},"excerpt":{"rendered":"<p>Volker Pietsch, Dipl. Ing. Architekt Uhlandstrasse 6 38102 Braunschweig &nbsp; Tel.: 0531 &#8211; 23 97 516 eMail: architekt[at]volkerpietsch.de &nbsp; Die Berechtigung zur F\u00fchrung der Berufsbezeichnung Architekt ergibt sich aus dem Eintrag in die Architektenliste der Architektenkammer Niedersachsen (Bundesrepublik Deutschland) unter der Nummer EL- Nr. 17075.<\/p>\n","protected":false},"author":1,"featured_media":0,"parent":0,"menu_order":0,"comment_status":"open","ping_status":"open","template":"full-width-page.php","meta":{"ngg_post_thumbnail":0,"footnotes":""},"class_list":["post-177","page","type-page","status-publish","hentry"],"_links":{"self":[{"href":"http:\/\/architekt.volkerpietsch.de\/index.php?rest_route=\/wp\/v2\/pages\/177","targetHints":{"allow":["GET"]}}],"collection":[{"href":"http:\/\/architekt.volkerpietsch.de\/index.php?rest_route=\/wp\/v2\/pages"}],"about":[{"href":"http:\/\/architekt.volkerpietsch.de\/index.php?rest_route=\/wp\/v2\/types\/page"}],"author":[{"embeddable":true,"href":"http:\/\/architekt.volkerpietsch.de\/index.php?rest_route=\/wp\/v2\/users\/1"}],"replies":[{"embeddable":true,"href":"http:\/\/architekt.volkerpietsch.de\/index.php?rest_route=%2Fwp%2Fv2%2Fcomments&post=177"}],"version-history":[{"count":12,"href":"http:\/\/architekt.volkerpietsch.de\/index.php?rest_route=\/wp\/v2\/pages\/177\/revisions"}],"predecessor-version":[{"id":590,"href":"http:\/\/architekt.volkerpietsch.de\/index.php?rest_route=\/wp\/v2\/pages\/177\/revisions\/590"}],"wp:attachment":[{"href":"http:\/\/architekt.volkerpietsch.de\/index.php?rest_route=%2Fwp%2Fv2%2Fmedia&parent=177"}],"curies":[{"name":"wp","href":"https:\/\/api.w.org\/{rel}","templated":true}]}}